{"id":584,"date":"2025-10-23T00:46:30","date_gmt":"2025-10-23T00:46:30","guid":{"rendered":"https:\/\/roybondo.com\/?page_id=584"},"modified":"2026-04-28T00:26:07","modified_gmt":"2026-04-28T00:26:07","slug":"contact","status":"publish","type":"page","link":"https:\/\/roybondo.com\/fr\/contact\/","title":{"rendered":"Contact"},"content":{"rendered":"<p class=\"wow fadeInUp\" data-wow-delay=\"0.2s\">Que vous ayez une demande de pri\u00e8re, un t\u00e9moignage de louange, une demande m\u00e9diatique ou une invitation \u00e0 intervenir lors d\u2019un \u00e9v\u00e9nement, le pasteur Roy Bondo et son \u00e9quipe d\u00e9vou\u00e9e de RB Ministries sont l\u00e0 pour vous et seront heureux d\u2019avoir de vos nouvelles.<\/p>","protected":false},"excerpt":{"rendered":"<p>Que vous ayez une demande de pri\u00e8re, un t\u00e9moignage de louange, une demande m\u00e9diatique ou une invitation \u00e0 intervenir lors d\u2019un \u00e9v\u00e9nement, le pasteur Roy Bondo et son \u00e9quipe d\u00e9vou\u00e9e de RB Ministries sont l\u00e0 pour vous et seront heureux d\u2019avoir de vos nouvelles.<\/p>","protected":false},"author":1,"featured_media":1055,"parent":0,"menu_order":0,"comment_status":"closed","ping_status":"closed","template":"page-template\/contact.php","meta":{"footnotes":""},"class_list":["post-584","page","type-page","status-publish","has-post-thumbnail","hentry"],"aioseo_notices":[],"post_mailing_queue_ids":[],"_links":{"self":[{"href":"https:\/\/roybondo.com\/fr\/wp-json\/wp\/v2\/pages\/584","targetHints":{"allow":["GET"]}}],"collection":[{"href":"https:\/\/roybondo.com\/fr\/wp-json\/wp\/v2\/pages"}],"about":[{"href":"https:\/\/roybondo.com\/fr\/wp-json\/wp\/v2\/types\/page"}],"author":[{"embeddable":true,"href":"https:\/\/roybondo.com\/fr\/wp-json\/wp\/v2\/users\/1"}],"replies":[{"embeddable":true,"href":"https:\/\/roybondo.com\/fr\/wp-json\/wp\/v2\/comments?post=584"}],"version-history":[{"count":21,"href":"https:\/\/roybondo.com\/fr\/wp-json\/wp\/v2\/pages\/584\/revisions"}],"predecessor-version":[{"id":1168,"href":"https:\/\/roybondo.com\/fr\/wp-json\/wp\/v2\/pages\/584\/revisions\/1168"}],"wp:featuredmedia":[{"embeddable":true,"href":"https:\/\/roybondo.com\/fr\/wp-json\/wp\/v2\/media\/1055"}],"wp:attachment":[{"href":"https:\/\/roybondo.com\/fr\/wp-json\/wp\/v2\/media?parent=584"}],"curies":[{"name":"wp","href":"https:\/\/api.w.org\/{rel}","templated":true}]}}