{"id":181,"date":"2025-10-22T16:20:10","date_gmt":"2025-10-22T16:20:10","guid":{"rendered":"https:\/\/roybondo.com\/?page_id=181"},"modified":"2026-02-20T17:01:54","modified_gmt":"2026-02-20T17:01:54","slug":"about-us","status":"publish","type":"page","link":"https:\/\/roybondo.com\/fr\/about-us\/","title":{"rendered":"\u00c0 propos de nous"},"content":{"rendered":"<h2 class=\"wow fadeInUp\" data-wow-delay=\"0.2s\">Bonjour, je suis le pasteur Roy Bondo !<\/h2>\n<p class=\"wow fadeInUp\" data-wow-delay=\"0.2s\">D\u00e9couvrez le pasteur Roy Bondo, enseignant, \u00e9vang\u00e9liste et auteur mondial, engag\u00e9 \u00e0 transformer des vies par la puissance de J\u00e9sus-Christ.<\/p>","protected":false},"excerpt":{"rendered":"<p>Hi, I&#8217;m Pastor Roy Bondo! Get to know Pastor Roy Bondo\u2014teaching pastor, evangelist, author, and global faith leader\u2014dedicated to transforming lives through the power of Jesus Christ.<\/p>","protected":false},"author":1,"featured_media":632,"parent":0,"menu_order":0,"comment_status":"closed","ping_status":"closed","template":"page-template\/About.php","meta":{"footnotes":""},"class_list":["post-181","page","type-page","status-publish","has-post-thumbnail","hentry"],"aioseo_notices":[],"post_mailing_queue_ids":[],"_links":{"self":[{"href":"https:\/\/roybondo.com\/fr\/wp-json\/wp\/v2\/pages\/181","targetHints":{"allow":["GET"]}}],"collection":[{"href":"https:\/\/roybondo.com\/fr\/wp-json\/wp\/v2\/pages"}],"about":[{"href":"https:\/\/roybondo.com\/fr\/wp-json\/wp\/v2\/types\/page"}],"author":[{"embeddable":true,"href":"https:\/\/roybondo.com\/fr\/wp-json\/wp\/v2\/users\/1"}],"replies":[{"embeddable":true,"href":"https:\/\/roybondo.com\/fr\/wp-json\/wp\/v2\/comments?post=181"}],"version-history":[{"count":71,"href":"https:\/\/roybondo.com\/fr\/wp-json\/wp\/v2\/pages\/181\/revisions"}],"predecessor-version":[{"id":1010,"href":"https:\/\/roybondo.com\/fr\/wp-json\/wp\/v2\/pages\/181\/revisions\/1010"}],"wp:featuredmedia":[{"embeddable":true,"href":"https:\/\/roybondo.com\/fr\/wp-json\/wp\/v2\/media\/632"}],"wp:attachment":[{"href":"https:\/\/roybondo.com\/fr\/wp-json\/wp\/v2\/media?parent=181"}],"curies":[{"name":"wp","href":"https:\/\/api.w.org\/{rel}","templated":true}]}}